{"id":12,"date":"2016-01-21T15:26:48","date_gmt":"2016-01-21T15:26:48","guid":{"rendered":"http:\/\/dremodi.hu\/?page_id=12"},"modified":"2018-01-13T13:42:34","modified_gmt":"2018-01-13T12:42:34","slug":"kapcsolat","status":"publish","type":"page","link":"https:\/\/dremodi.hu\/?page_id=12","title":{"rendered":"Kapcsolat"},"content":{"rendered":"<p>Telefonsz\u00e1m:\u00a006-30-948-3155<br \/>\nEmail: dremodi@dremodi.hu<\/p>\n<h3>V\u00e1llalkoz\u00e1s adatok:<\/h3>\n<p>N\u00e9v: Dr. Em\u0151di L\u00e1szl\u00f3 egy\u00e9ni v\u00e1llalkoz\u00f3<br \/>\nNyilv\u00e1ntart\u00e1si sz\u00e1m: 5905876<br \/>\nIgazolv\u00e1ny sorsz\u00e1ma: EV767359<br \/>\nAd\u00f3sz\u00e1m: 70136801-1-33<br \/>\nIgazolv\u00e1ny ki\u00e1ll\u00edt\u00f3 szervezet: Budapest F\u0151v\u00e1ros 11. ker. \u00d6nkorm\u00e1nyzat<br \/>\nSz\u00e9khely: 2040 BUDA\u00d6RS FODROS UTCA 41\/A.<\/p>\n","protected":false},"excerpt":{"rendered":"<p>Telefonsz\u00e1m:\u00a006-30-948-3155 Email: dremodi@dremodi.hu V\u00e1llalkoz\u00e1s adatok: N\u00e9v: Dr. Em\u0151di L\u00e1szl\u00f3 egy\u00e9ni v\u00e1llalkoz\u00f3 Nyilv\u00e1ntart\u00e1si sz\u00e1m: 5905876 Igazolv\u00e1ny sorsz\u00e1ma: EV767359 Ad\u00f3sz\u00e1m: 70136801-1-33 Igazolv\u00e1ny ki\u00e1ll\u00edt\u00f3 szervezet: Budapest F\u0151v\u00e1ros 11. ker. \u00d6nkorm\u00e1nyzat Sz\u00e9khely: 2040 BUDA\u00d6RS FODROS UTCA 41\/A.<\/p>\n","protected":false},"author":1,"featured_media":0,"parent":0,"menu_order":0,"comment_status":"closed","ping_status":"closed","template":"","meta":{"footnotes":""},"class_list":["post-12","page","type-page","status-publish","hentry"],"_links":{"self":[{"href":"https:\/\/dremodi.hu\/index.php?rest_route=\/wp\/v2\/pages\/12","targetHints":{"allow":["GET"]}}],"collection":[{"href":"https:\/\/dremodi.hu\/index.php?rest_route=\/wp\/v2\/pages"}],"about":[{"href":"https:\/\/dremodi.hu\/index.php?rest_route=\/wp\/v2\/types\/page"}],"author":[{"embeddable":true,"href":"https:\/\/dremodi.hu\/index.php?rest_route=\/wp\/v2\/users\/1"}],"replies":[{"embeddable":true,"href":"https:\/\/dremodi.hu\/index.php?rest_route=%2Fwp%2Fv2%2Fcomments&post=12"}],"version-history":[{"count":6,"href":"https:\/\/dremodi.hu\/index.php?rest_route=\/wp\/v2\/pages\/12\/revisions"}],"predecessor-version":[{"id":54,"href":"https:\/\/dremodi.hu\/index.php?rest_route=\/wp\/v2\/pages\/12\/revisions\/54"}],"wp:attachment":[{"href":"https:\/\/dremodi.hu\/index.php?rest_route=%2Fwp%2Fv2%2Fmedia&parent=12"}],"curies":[{"name":"wp","href":"https:\/\/api.w.org\/{rel}","templated":true}]}}