{"id":4,"date":"2016-01-21T15:23:16","date_gmt":"2016-01-21T15:23:16","guid":{"rendered":"http:\/\/dremodi.hu\/?page_id=4"},"modified":"2018-02-04T23:08:40","modified_gmt":"2018-02-04T22:08:40","slug":"bemutatkozas","status":"publish","type":"page","link":"https:\/\/dremodi.hu\/","title":{"rendered":"Bemutatkoz\u00e1s"},"content":{"rendered":"<p>Telefonsz\u00e1m:\u00a006-30-948-3155<\/p>\n<p>&nbsp;<\/p>\n<div class=\"indent\">\n<p><img loading=\"lazy\" decoding=\"async\" class=\"alignnone\" src=\"\/wp-content\/themes\/courage\/images\/emodi.jpg\" alt=\"\" width=\"226\" height=\"239\" \/><\/p>\n<h2>Szakmai \u00f6n\u00e9letrajz<\/h2>\n<\/div>\n<ul class=\"list\">\n<li><a href=\"http:\/\/dremodi.hu\/old\/#\">1978<\/a><br \/>\nBudapesti Orvosi Egyetem, Fogorvostudom\u00e1nyi kar &#8211; fogorvosi diploma<\/li>\n<li><a href=\"http:\/\/dremodi.hu\/old\/#\">1979-1995<\/a><br \/>\nBudapest, T\u00e9t\u00e9nyi \u00fati k\u00f3rh\u00e1z, fog\u00e1aszati \u00e9s sz\u00e1jseb\u00e9szeti oszt\u00e1ly: fogszakorvos<\/li>\n<li><a href=\"http:\/\/dremodi.hu\/old\/#\">1978-1995<\/a><br \/>\nMag\u00e1nrendel\u00e9s<\/li>\n<li><a href=\"http:\/\/dremodi.hu\/old\/#\">1979-2000<\/a><br \/>\nSz\u00e1jseb\u00e9szet, implantol\u00f3gia tanul\u00e1ny<\/li>\n<li><a href=\"http:\/\/dremodi.hu\/old\/#\">2000<\/a><br \/>\nSzakvizsga: fog \u00e9s sz\u00e1jbetegs\u00e9gek<\/li>\n<li><a href=\"http:\/\/dremodi.hu\/old\/#\">1993-<\/a><br \/>\nFog\u00e1szati implantol\u00f3gia<\/li>\n<li><a href=\"http:\/\/dremodi.hu\/old\/#\">1995<\/a><br \/>\nV\u00e1llalkoz\u00f3 fogorvos<\/li>\n<li><a href=\"http:\/\/dremodi.hu\/old\/#\">Kamarai tags\u00e1gok:<\/a><br \/>\nOrvosi kamara, Magyar fogorvosok egyes\u00fclete, Implantol\u00f3giai t\u00e1rsas\u00e1g, Fogp\u00f3tl\u00e1stani t\u00e1rsas\u00e1g, Magyar orthodontusok t\u00e1rsas\u00e1ga<\/li>\n<\/ul>\n","protected":false},"excerpt":{"rendered":"<p>Telefonsz\u00e1m:\u00a006-30-948-3155 &nbsp; Szakmai \u00f6n\u00e9letrajz 1978 Budapesti Orvosi Egyetem, Fogorvostudom\u00e1nyi kar &#8211; fogorvosi diploma 1979-1995 Budapest, T\u00e9t\u00e9nyi \u00fati k\u00f3rh\u00e1z, fog\u00e1aszati \u00e9s sz\u00e1jseb\u00e9szeti oszt\u00e1ly: fogszakorvos 1978-1995 Mag\u00e1nrendel\u00e9s 1979-2000 Sz\u00e1jseb\u00e9szet, implantol\u00f3gia tanul\u00e1ny 2000 Szakvizsga: fog \u00e9s sz\u00e1jbetegs\u00e9gek 1993- Fog\u00e1szati implantol\u00f3gia 1995 V\u00e1llalkoz\u00f3 fogorvos Kamarai tags\u00e1gok: Orvosi kamara, Magyar fogorvosok egyes\u00fclete, Implantol\u00f3giai t\u00e1rsas\u00e1g, Fogp\u00f3tl\u00e1stani t\u00e1rsas\u00e1g, Magyar orthodontusok t\u00e1rsas\u00e1ga<\/p>\n","protected":false},"author":1,"featured_media":0,"parent":0,"menu_order":0,"comment_status":"closed","ping_status":"closed","template":"","meta":{"footnotes":""},"class_list":["post-4","page","type-page","status-publish","hentry"],"_links":{"self":[{"href":"https:\/\/dremodi.hu\/index.php?rest_route=\/wp\/v2\/pages\/4","targetHints":{"allow":["GET"]}}],"collection":[{"href":"https:\/\/dremodi.hu\/index.php?rest_route=\/wp\/v2\/pages"}],"about":[{"href":"https:\/\/dremodi.hu\/index.php?rest_route=\/wp\/v2\/types\/page"}],"author":[{"embeddable":true,"href":"https:\/\/dremodi.hu\/index.php?rest_route=\/wp\/v2\/users\/1"}],"replies":[{"embeddable":true,"href":"https:\/\/dremodi.hu\/index.php?rest_route=%2Fwp%2Fv2%2Fcomments&post=4"}],"version-history":[{"count":14,"href":"https:\/\/dremodi.hu\/index.php?rest_route=\/wp\/v2\/pages\/4\/revisions"}],"predecessor-version":[{"id":56,"href":"https:\/\/dremodi.hu\/index.php?rest_route=\/wp\/v2\/pages\/4\/revisions\/56"}],"wp:attachment":[{"href":"https:\/\/dremodi.hu\/index.php?rest_route=%2Fwp%2Fv2%2Fmedia&parent=4"}],"curies":[{"name":"wp","href":"https:\/\/api.w.org\/{rel}","templated":true}]}}